{"id":121,"date":"2014-12-25T21:35:06","date_gmt":"2014-12-25T20:35:06","guid":{"rendered":"http:\/\/boazfeldman.com\/?page_id=121"},"modified":"2022-04-19T16:44:52","modified_gmt":"2022-04-19T15:44:52","slug":"retraites","status":"publish","type":"page","link":"http:\/\/boazfeldman.com\/fr\/recherche-2\/retraites\/","title":{"rendered":"Retraites","raw":"Retraites"},"content":{"rendered":"<div id=\"gallery\" class=\"slides\"><div class=\"gallery-image\" style=\"background-image:url(http:\/\/boazfeldman.com\/wp-content\/uploads\/Screen-Shot-2016-12-28-at-21.05.25.png)\"><\/div><div class=\"gallery-image\" style=\"background-image:url(http:\/\/boazfeldman.com\/wp-content\/uploads\/11554004_xl.jpg)\"><\/div><div class=\"gallery-image\" style=\"background-image:url(http:\/\/boazfeldman.com\/wp-content\/uploads\/Genthod_and_Versoix_from_Lake_Geneva-copy.jpg)\"><\/div><\/div><div id=\"gallery-placeholder\"><\/div><script>\n\t\tdocument.getElementById(\"gallery-placeholder\").style.height = (30+window.innerWidth*(300\/1380)) +\"px\";\n\t<\/script>\n<h2>Retraites du Dharma<\/h2>\n<p>Depuis 2600 ans, la m\u00e9ditation bouddhiste a \u00e9t\u00e9 syst\u00e9matiquement pratiqu\u00e9e en Asie et de part le monde. Le cheminement m\u00e9ditatif invite tout un chacun \u00e0 se connecter profond\u00e9ment \u00e0 l&rsquo;int\u00e9rieure afin d&rsquo;\u00eatre plus libre d&rsquo;\u00e9motions difficiles et des sch\u00e9mas psychologiques menant \u00e0 la souffrance. La libert\u00e9 atteignable en retraite est unique et transformatrice!<\/p>\n<p>Boaz a pratiqu\u00e9 dans plusieurs traditions (Theravada, Insight, clinique), et depuis janvier 2022 il est dipl\u00f4m\u00e9 en tant qu&rsquo;enseignant du Dharma de la formation d&rsquo;enseignant du <a href=\"https:\/\/bodhi-college.org\/\">Bodhi College<\/a>. Il enseigne des retraites en fran\u00e7ais r\u00e9guli\u00e8rement <a href=\"https:\/\/www.terredeveil-vipassana.org\/page\/722762-accueil\">\u00e0 Terre d&rsquo;\u00e9veil \u00e0 Paris.<\/a><\/p>\n<p>&nbsp;<\/p>\n<h2>Retraites NeuroSystemics Dharma<\/h2>\n<p>Gr\u00e2ce \u00e0 son expertise clinique, Boaz a \u00e9labor\u00e9 une mani\u00e8re de pratiquer la m\u00e9ditation avec des mod\u00e8les conceptuels et pratiques bas\u00e9es sur la science de r\u00e9gulation du syst\u00e8me nerveux. Le programme du \u00ab\u00a0NeuroSystemics Dharma\u00a0\u00bb offre plusieurs retraites par ann\u00e9e ou vous pourrez:<\/p>\n<ul>\n<li>Recevoir des s\u00e9ances individuelles de r\u00e9gulation du syst\u00e8me nerveux pour approfondir la pratique de la m\u00e9ditation, offerte par des facilitateurs somatiques<\/li>\n<li>Recevoir des enseignements de la tradition Bouddhiste avec des \u00e9l\u00e9ments de la recherche neuro-scientifique<\/li>\n<li>Faire partie d&rsquo;une communaut\u00e9 bienveillante<\/li>\n<\/ul>\n<p>Pour plus d&rsquo;information, veuillez voir<a href=\"https:\/\/neurosystemics.org\/neurosystemics-dharma\/\"> le programme NeuroSystemics Dharma ici<\/a>.<\/p>\n<p>Toutes les activit\u00e9s du Dharma son offert selon la tradition du dana, pour les bonheur de tous les \u00eatres.<\/p>\n","protected":false,"raw":"[gallery ids=\"1814,493,487\"]\r\n<h2>Retraites du Dharma<\/h2>\r\nDepuis 2600 ans, la m\u00e9ditation bouddhiste a \u00e9t\u00e9 syst\u00e9matiquement pratiqu\u00e9e en Asie et de part le monde. Le cheminement m\u00e9ditatif invite tout un chacun \u00e0 se connecter profond\u00e9ment \u00e0 l'int\u00e9rieure afin d'\u00eatre plus libre d'\u00e9motions difficiles et des sch\u00e9mas psychologiques menant \u00e0 la souffrance. La libert\u00e9 atteignable en retraite est unique et transformatrice!\r\n\r\nBoaz a pratiqu\u00e9 dans plusieurs traditions (Theravada, Insight, clinique), et depuis janvier 2022 il est dipl\u00f4m\u00e9 en tant qu'enseignant du Dharma de la formation d'enseignant du <a href=\"https:\/\/bodhi-college.org\/\">Bodhi College<\/a>. Il enseigne des retraites en fran\u00e7ais r\u00e9guli\u00e8rement <a href=\"https:\/\/www.terredeveil-vipassana.org\/page\/722762-accueil\">\u00e0 Terre d'\u00e9veil \u00e0 Paris.<\/a>\r\n\r\n&nbsp;\r\n<h2>Retraites NeuroSystemics Dharma<\/h2>\r\nGr\u00e2ce \u00e0 son expertise clinique, Boaz a \u00e9labor\u00e9 une mani\u00e8re de pratiquer la m\u00e9ditation avec des mod\u00e8les conceptuels et pratiques bas\u00e9es sur la science de r\u00e9gulation du syst\u00e8me nerveux. Le programme du \"NeuroSystemics Dharma\" offre plusieurs retraites par ann\u00e9e ou vous pourrez:\r\n<ul>\r\n \t<li>Recevoir des s\u00e9ances individuelles de r\u00e9gulation du syst\u00e8me nerveux pour approfondir la pratique de la m\u00e9ditation, offerte par des facilitateurs somatiques<\/li>\r\n \t<li>Recevoir des enseignements de la tradition Bouddhiste avec des \u00e9l\u00e9ments de la recherche neuro-scientifique<\/li>\r\n \t<li>Faire partie d'une communaut\u00e9 bienveillante<\/li>\r\n<\/ul>\r\nPour plus d'information, veuillez voir<a href=\"https:\/\/neurosystemics.org\/neurosystemics-dharma\/\"> le programme NeuroSystemics Dharma ici<\/a>.\r\n\r\nToutes les activit\u00e9s du Dharma son offert selon la tradition du dana, pour les bonheur de tous les \u00eatres."},"excerpt":{"rendered":"","protected":false,"raw":""},"author":6,"featured_media":0,"parent":14,"menu_order":0,"comment_status":"closed","ping_status":"closed","template":"","meta":{"_en_post_content":"[gallery ids=\"1814,493,487\"]\r\n<h1>Dharma Retreats<\/h1>\r\nSince 2600 years, Buddhist meditation has been systematically practiced in Asia and other parts of the world. The path of meditation invites everyone to connect deeply inside to become more free of difficult emotions and psychological patterns. The freedom that is possible during retreats is unique and potentially life-transforming.\r\n\r\nBoaz has practiced in a number of traditions, and in January 2022 he has graduated from the <a href=\"https:\/\/bodhi-college.org\/\">Bodhi College<\/a> Dharma Teacher Training program. He regularly teaches residential dharma retreats in French, at <a href=\"https:\/\/www.terredeveil-vipassana.org\/page\/722762-accueil\">Terre d'\u00e9veil<\/a>.\r\n\r\n&nbsp;\r\n\r\n&nbsp;\r\n<h1>NeuroSystemics Retreats<\/h1>\r\nWith his clinical expertise, Boaz has elaborated a way to practice meditation with solid, evidence-based nervous system regulation frameworks and practices. The NeuroSystemics Dharma program offers a number of retreats every year, where you will:\r\n<ul>\r\n \t<li>Receive personalized 1:1 meditation accompaniment with professionally trained somatic facilitators<\/li>\r\n \t<li>Be offered ancient teachings with modern neuroscientific insights<\/li>\r\n \t<li>Be a part of a compassionate community<\/li>\r\n<\/ul>\r\nFor more information, please see the <a href=\"https:\/\/neurosystemics.org\/neurosystemics-dharma\/\">NeuroSystemics Dharma program here<\/a>.\r\n\r\nAll Dharma activities are offered on a donation basis, for the benefit of all beings.\r\n\r\n&nbsp;\r\n\r\n&nbsp;\r\n\r\n&nbsp;","_en_post_name":"articles","_en_post_excerpt":"","_en_post_title":"Retreats","_fr_post_content":"[gallery ids=\"1814,493,487\"]\r\n<h2>Retraites du Dharma<\/h2>\r\nDepuis 2600 ans, la m\u00e9ditation bouddhiste a \u00e9t\u00e9 syst\u00e9matiquement pratiqu\u00e9e en Asie et de part le monde. Le cheminement m\u00e9ditatif invite tout un chacun \u00e0 se connecter profond\u00e9ment \u00e0 l'int\u00e9rieure afin d'\u00eatre plus libre d'\u00e9motions difficiles et des sch\u00e9mas psychologiques menant \u00e0 la souffrance. La libert\u00e9 atteignable en retraite est unique et transformatrice!\r\n\r\nBoaz a pratiqu\u00e9 dans plusieurs traditions (Theravada, Insight, clinique), et depuis janvier 2022 il est dipl\u00f4m\u00e9 en tant qu'enseignant du Dharma de la formation d'enseignant du <a href=\"https:\/\/bodhi-college.org\/\">Bodhi College<\/a>. Il enseigne des retraites en fran\u00e7ais r\u00e9guli\u00e8rement <a href=\"https:\/\/www.terredeveil-vipassana.org\/page\/722762-accueil\">\u00e0 Terre d'\u00e9veil \u00e0 Paris.<\/a>\r\n\r\n&nbsp;\r\n<h2>Retraites NeuroSystemics Dharma<\/h2>\r\nGr\u00e2ce \u00e0 son expertise clinique, Boaz a \u00e9labor\u00e9 une mani\u00e8re de pratiquer la m\u00e9ditation avec des mod\u00e8les conceptuels et pratiques bas\u00e9es sur la science de r\u00e9gulation du syst\u00e8me nerveux. Le programme du \"NeuroSystemics Dharma\" offre plusieurs retraites par ann\u00e9e ou vous pourrez:\r\n<ul>\r\n \t<li>Recevoir des s\u00e9ances individuelles de r\u00e9gulation du syst\u00e8me nerveux pour approfondir la pratique de la m\u00e9ditation, offerte par des facilitateurs somatiques<\/li>\r\n \t<li>Recevoir des enseignements de la tradition Bouddhiste avec des \u00e9l\u00e9ments de la recherche neuro-scientifique<\/li>\r\n \t<li>Faire partie d'une communaut\u00e9 bienveillante<\/li>\r\n<\/ul>\r\nPour plus d'information, veuillez voir<a href=\"https:\/\/neurosystemics.org\/neurosystemics-dharma\/\"> le programme NeuroSystemics Dharma ici<\/a>.\r\n\r\nToutes les activit\u00e9s du Dharma son offert selon la tradition du dana, pour les bonheur de tous les \u00eatres.","_fr_post_name":"retraites","_fr_post_excerpt":"","_fr_post_title":"Retraites","edit_language":"fr","footnotes":""},"class_list":["post-121","page","type-page","status-publish","hentry"],"_links":{"self":[{"href":"http:\/\/boazfeldman.com\/fr\/wp-json\/wp\/v2\/pages\/121","targetHints":{"allow":["GET"]}}],"collection":[{"href":"http:\/\/boazfeldman.com\/fr\/wp-json\/wp\/v2\/pages"}],"about":[{"href":"http:\/\/boazfeldman.com\/fr\/wp-json\/wp\/v2\/types\/page"}],"author":[{"embeddable":true,"href":"http:\/\/boazfeldman.com\/fr\/wp-json\/wp\/v2\/users\/6"}],"replies":[{"embeddable":true,"href":"http:\/\/boazfeldman.com\/fr\/wp-json\/wp\/v2\/comments?post=121"}],"version-history":[{"count":34,"href":"http:\/\/boazfeldman.com\/fr\/wp-json\/wp\/v2\/pages\/121\/revisions"}],"predecessor-version":[{"id":2228,"href":"http:\/\/boazfeldman.com\/fr\/wp-json\/wp\/v2\/pages\/121\/revisions\/2228"}],"up":[{"embeddable":true,"href":"http:\/\/boazfeldman.com\/fr\/wp-json\/wp\/v2\/pages\/14"}],"wp:attachment":[{"href":"http:\/\/boazfeldman.com\/fr\/wp-json\/wp\/v2\/media?parent=121"}],"curies":[{"name":"wp","href":"https:\/\/api.w.org\/{rel}","templated":true}]}}