{"id":18,"date":"2014-10-20T16:39:35","date_gmt":"2014-10-20T15:39:35","guid":{"rendered":"http:\/\/boazfeldman.com\/?page_id=18"},"modified":"2020-07-15T11:01:33","modified_gmt":"2020-07-15T10:01:33","slug":"genevecognitivo-comportementale","status":"publish","type":"page","link":"http:\/\/boazfeldman.com\/fr\/therapy\/genevecognitivo-comportementale\/","title":{"rendered":"Cognitivo-Comportementale","raw":"Cognitivo-Comportementale"},"content":{"rendered":"<div id=\"gallery\" class=\"slides\"><div class=\"gallery-image\" style=\"background-image:url(http:\/\/boazfeldman.com\/wp-content\/uploads\/Screen-Shot-2016-12-28-at-19.58.34-1.png)\"><\/div><div class=\"gallery-image\" style=\"background-image:url(http:\/\/boazfeldman.com\/wp-content\/uploads\/Screen-Shot-2016-12-28-at-19.32.58-1.png)\"><\/div><div class=\"gallery-image\" style=\"background-image:url(http:\/\/boazfeldman.com\/wp-content\/uploads\/Screen-Shot-2016-12-28-at-21.02.11.png)\"><\/div><\/div><div id=\"gallery-placeholder\"><\/div><script>\n\t\tdocument.getElementById(\"gallery-placeholder\").style.height = (30+window.innerWidth*(300\/1380)) +\"px\";\n\t<\/script>\n<h1>Th\u00e9rapie\u00a0Cognitivo-Comportementale<\/h1>\n<h3><a class=\"anchor\" data-name=\"TCC\" id=\"tcc\"><\/a>Fondamentaux de la Th\u00e9rapie Cognitivo-Comportementale<\/h3>\n<p>L&rsquo;objectif de la th\u00e9rapie cognitivo-comportementale (TCC) est d&rsquo;apprendre que, malgr\u00e9 le fait que le client n&rsquo;a pas le contr\u00f4le total\u00a0sur son environnement, il\/elle peut interpr\u00e9ter ce qui s&rsquo;y passe.<\/p>\n<p>&nbsp;<\/p>\n<div id=\"attachment_290\" style=\"width: 426px\" class=\"wp-caption alignleft\"><img loading=\"lazy\" decoding=\"async\" aria-describedby=\"caption-attachment-290\" class=\" wp-image-290\" src=\"http:\/\/boazfeldman.com\/wp-content\/uploads\/cognitive-therapy-for-aspergers-700x503.gif\" alt=\"CBT enables one to see the relationships between the different parts of our experience.\" width=\"416\" height=\"294\" \/><p id=\"caption-attachment-290\" class=\"wp-caption-text\">La TCC permet de faire des liens entre les diff\u00e9rentes parties de soi et de son environnement.<\/p><\/div>\n<p>Les sentiments et les pens\u00e9es jouent un r\u00f4le important dans notre comportement. Par exemple, une personne qui pense souvent \u00e0 des accidents d&rsquo;avions prendra probablement moins l&rsquo;avion &#8211; une personne qui ch\u00e9rit r\u00e9guli\u00e8rement sa relation avec ses amis aura tendance \u00e0 pass\u00e9 plus de temps avec eux.<\/p>\n<p>La TCC est utilis\u00e9e afin de gu\u00e9rir d&rsquo;une grande diversit\u00e9 de maladies et maux comme l&rsquo;anxi\u00e9t\u00e9, les phobies, la d\u00e9pression et les addictions.<\/p>\n<p>&nbsp;<\/p>\n<p>&nbsp;<\/p>\n<p>&nbsp;<\/p>\n<h3><a class=\"anchor\" data-name=\"MBCT\" id=\"mbct\"><\/a>TCC\u00a0Bas\u00e9e sur la Pleine Conscience<\/h3>\n<p>La\u00a0TCC\u00a0bas\u00e9e sur la Pleine Conscience (Mindfulness-Based Cognitive Therapy) fut cr\u00e9\u00e9e \u00e0 Oxford\u00a0par les professeurs\u00a0Segal, Williams, Barnard et\u00a0Teasdale en\u00a01991. La th\u00e9orie de base est que d&rsquo;\u00eatre conscient dans l&rsquo;instant pr\u00e9sent, plut\u00f4t que de penser au pass\u00e9 ou au futur, permet au client d&rsquo;\u00eatre plus en harmonie avec les difficult\u00e9s qui surgissent. Ainsi les probl\u00e8mes ne sont ni amplifi\u00e9s, ni \u00e9vit\u00e9s.<\/p>\n<p>&nbsp;<\/p>\n<div><\/div>\n<p>http:\/\/www.youtube.com\/watch?v=SrMV7ra0w9Q<\/p>\n<p>&nbsp;<\/p>\n<div><\/div>\n<p>Les recherches cliniques d\u00e9montrent que la MBCT r\u00e9duit les rechutes d\u00e9pressives de 50% pour les personnes qui ont eu 3 \u00e9pisodes d\u00e9pressifs ou plus. Depuis 2006, cette th\u00e9rapie est utilis\u00e9e pour le grnd public afin de traiter divers probl\u00e9matiques:<\/p>\n<ul>\n<li>Les douleurs chroniques\u00a0(McCracken, et al. 2007)<\/li>\n<li>Le stress (Grossman, et al. 2004)<\/li>\n<li>Les addictions (Teasdale, et al. 2000)<\/li>\n<li>L&rsquo;anxiety et la d\u00e9pression (Hofmann, et al. 2010)<\/li>\n<li>les abus de substances (Melemis, 2008)<\/li>\n<li>Les comportements suicidaires r\u00e9currents (Williams, et al. 2006)<\/li>\n<li>Les conditions borderline, bipolaire et autres troubles de la personalit\u00e9\u00a0(Zanarini, et al. 2000)<\/li>\n<\/ul>\n<p>&nbsp;<\/p>\n<blockquote><p>\u00ab\u00a0L&rsquo;objectif de la MBCT est d&rsquo;interrompre les processus cognitifs automatiques et r\u00e9duire les r\u00e9actions aux stimuli arrivants en les observant sans jugement avec acceptation.<\/p>\n<h6>J.N. Felder,\u00a0Psychologue<\/h6>\n<\/blockquote>\n<p>&nbsp;<\/p>\n<h3><\/h3>\n<h3><a class=\"anchor\" data-name=\"Adaptation\" id=\"adaptation\"><\/a>Adaptation culturelle de la TCC<\/h3>\n<p>Avec des adaptations sp\u00e9cifiques aux cultures et aux conditions sociales locales, la TCC s&rsquo;est d\u00e9montr\u00e9e applicable et efficace dans de nombreuses interventions dans des pays autres qu&rsquo;en occident (Otto, et al, 2003; Udomratn, 2008).<\/p>\n<p>De nombreuses \u00e9tudes expliquent que des th\u00e9rapeutes communautaires peuvent \u00eatre entra\u00eener en TCC en peu de temps. Ceci est particuli\u00e8rement important lors de crises d&rsquo;urgences et de conflits\u00a0(Hamblen, et al, 2010) \u00e0 de grands nombres de personnes\u00a0(Kar, 2009).<\/p>\n<p>&nbsp;<\/p>\n<p>&nbsp;<\/p>\n<p>&nbsp;<\/p>\n<h6><em>Kar, N (2009).<\/em>Natural disasters in developing countries: mental health issues.\u00a0<em>Indian J Med Sci. 63(8):327-9.<\/em><\/h6>\n<h6><em>Otto MW, Hinton D, Korbly NB, Chea A, Ba P, Gershuny BS, Pollack MH, (2003). <\/em>Treatment of pharmacotherapy-refractory posttraumatic stress disorder among Cambodian refugees: a pilot study of combination treatment with cognitive-behavior therapy vs sertraline alone.<em> Behav Res Ther, 41(11):1271-6.<\/em><\/h6>\n<h6><em>Udomratn P, (2008). <\/em>Mental health and the psychosocial consequences of natural disasters in Asia.<em> Int Rev PsychiatryOct; 20(5):441-4.<\/em><\/h6>\n","protected":false,"raw":"[gallery ids=\"1804,1806,1818\"]\r\n<h1>Th\u00e9rapie\u00a0Cognitivo-Comportementale<\/h1>\r\n<h3>[anchor name=\"TCC\"]Fondamentaux de la Th\u00e9rapie Cognitivo-Comportementale<\/h3>\r\nL'objectif de la th\u00e9rapie cognitivo-comportementale (TCC) est d'apprendre que, malgr\u00e9 le fait que le client n'a pas le contr\u00f4le total\u00a0sur son environnement, il\/elle peut interpr\u00e9ter ce qui s'y passe.\r\n\r\n&nbsp;\r\n\r\n[caption id=\"attachment_290\" align=\"alignleft\" width=\"416\"]<img class=\" wp-image-290\" src=\"http:\/\/boazfeldman.com\/wp-content\/uploads\/cognitive-therapy-for-aspergers-700x503.gif\" alt=\"CBT enables one to see the relationships between the different parts of our experience.\" width=\"416\" height=\"294\" \/> La TCC permet de faire des liens entre les diff\u00e9rentes parties de soi et de son environnement.[\/caption]\r\n\r\nLes sentiments et les pens\u00e9es jouent un r\u00f4le important dans notre comportement. Par exemple, une personne qui pense souvent \u00e0 des accidents d'avions prendra probablement moins l'avion - une personne qui ch\u00e9rit r\u00e9guli\u00e8rement sa relation avec ses amis aura tendance \u00e0 pass\u00e9 plus de temps avec eux.\r\n\r\nLa TCC est utilis\u00e9e afin de gu\u00e9rir d'une grande diversit\u00e9 de maladies et maux comme l'anxi\u00e9t\u00e9, les phobies, la d\u00e9pression et les addictions.\r\n\r\n&nbsp;\r\n\r\n&nbsp;\r\n\r\n&nbsp;\r\n<h3>[anchor name=\"MBCT\"]TCC\u00a0Bas\u00e9e sur la Pleine Conscience<\/h3>\r\nLa\u00a0TCC\u00a0bas\u00e9e sur la Pleine Conscience (Mindfulness-Based Cognitive Therapy) fut cr\u00e9\u00e9e \u00e0 Oxford\u00a0par les professeurs\u00a0Segal, Williams, Barnard et\u00a0Teasdale en\u00a01991. La th\u00e9orie de base est que d'\u00eatre conscient dans l'instant pr\u00e9sent, plut\u00f4t que de penser au pass\u00e9 ou au futur, permet au client d'\u00eatre plus en harmonie avec les difficult\u00e9s qui surgissent. Ainsi les probl\u00e8mes ne sont ni amplifi\u00e9s, ni \u00e9vit\u00e9s.\r\n\r\n&nbsp;\r\n<div><\/div>\r\nhttp:\/\/www.youtube.com\/watch?v=SrMV7ra0w9Q\r\n\r\n&nbsp;\r\n<div><\/div>\r\nLes recherches cliniques d\u00e9montrent que la MBCT r\u00e9duit les rechutes d\u00e9pressives de 50% pour les personnes qui ont eu 3 \u00e9pisodes d\u00e9pressifs ou plus. Depuis 2006, cette th\u00e9rapie est utilis\u00e9e pour le grnd public afin de traiter divers probl\u00e9matiques:\r\n<ul>\r\n\t<li>Les douleurs chroniques\u00a0(McCracken, et al. 2007)<\/li>\r\n\t<li>Le stress (Grossman, et al. 2004)<\/li>\r\n\t<li>Les addictions (Teasdale, et al. 2000)<\/li>\r\n\t<li>L'anxiety et la d\u00e9pression (Hofmann, et al. 2010)<\/li>\r\n\t<li>les abus de substances (Melemis, 2008)<\/li>\r\n\t<li>Les comportements suicidaires r\u00e9currents (Williams, et al. 2006)<\/li>\r\n\t<li>Les conditions borderline, bipolaire et autres troubles de la personalit\u00e9\u00a0(Zanarini, et al. 2000)<\/li>\r\n<\/ul>\r\n&nbsp;\r\n<blockquote>\"L'objectif de la MBCT est d'interrompre les processus cognitifs automatiques et r\u00e9duire les r\u00e9actions aux stimuli arrivants en les observant sans jugement avec acceptation.\r\n<h6>J.N. Felder,\u00a0Psychologue<\/h6>\r\n<\/blockquote>\r\n&nbsp;\r\n<h3><\/h3>\r\n<h3>[anchor name=\"Adaptation\"]Adaptation culturelle de la TCC<\/h3>\r\nAvec des adaptations sp\u00e9cifiques aux cultures et aux conditions sociales locales, la TCC s'est d\u00e9montr\u00e9e applicable et efficace dans de nombreuses interventions dans des pays autres qu'en occident (Otto, et al, 2003; Udomratn, 2008).\r\n\r\nDe nombreuses \u00e9tudes expliquent que des th\u00e9rapeutes communautaires peuvent \u00eatre entra\u00eener en TCC en peu de temps. Ceci est particuli\u00e8rement important lors de crises d'urgences et de conflits\u00a0(Hamblen, et al, 2010) \u00e0 de grands nombres de personnes\u00a0(Kar, 2009).\r\n\r\n&nbsp;\r\n\r\n&nbsp;\r\n\r\n&nbsp;\r\n<h6><em>Kar, N (2009).<\/em>Natural disasters in developing countries: mental health issues.\u00a0<em>Indian J Med Sci. 63(8):327-9.<\/em><\/h6>\r\n<h6><em>Otto MW, Hinton D, Korbly NB, Chea A, Ba P, Gershuny BS, Pollack MH, (2003). <\/em>Treatment of pharmacotherapy-refractory posttraumatic stress disorder among Cambodian refugees: a pilot study of combination treatment with cognitive-behavior therapy vs sertraline alone.<em> Behav Res Ther, 41(11):1271-6.<\/em><\/h6>\r\n<h6><em>Udomratn P, (2008). <\/em>Mental health and the psychosocial consequences of natural disasters in Asia.<em> Int Rev PsychiatryOct; 20(5):441-4.<\/em><\/h6>"},"excerpt":{"rendered":"","protected":false,"raw":""},"author":1,"featured_media":0,"parent":16,"menu_order":0,"comment_status":"closed","ping_status":"closed","template":"","meta":{"_en_post_content":"[gallery ids=\"1804,1806,1818\"]\r\n<h1>Cognitive Behavior Therapy (CBT)<\/h1>\r\n<h3>[anchor name=\"CBT\"]CBT\u00a0Basics<\/h3>\r\nThe underlying concept behind CBT is that our thoughts and feelings play a fundamental role in our behavior. For example, a person who spends a lot of time thinking about plane crashes, runway accidents, and other air disasters may find themselves avoiding air travel.\u00a0The goal of cognitive behavior therapy is for\u00a0patients to learn that while they cannot control every aspect of the world around them, they can take control of how they interpret and deal with things in their environment.\r\n\r\nCognitive behavior therapy has been used to treat people suffering from a wide range of disorders, including anxiety, phobias, depression, and addiction. CBT is one of the most researched types of therapy, in part because treatment is focused on highly specific goals and results can be measured relatively easily.\r\n\r\n&nbsp;\r\n\r\nCognitive behavior therapy is often best-suited for clients who are comfortable with introspection. In this work, individuals learn to see the links between the body, the mind, their behaviour and environmental circumstances which affects these.\r\n\r\n&nbsp;\r\n\r\n&nbsp;\r\n\r\n&nbsp;\r\n<h3><\/h3>\r\n<h3><\/h3>\r\n<h3><\/h3>\r\n<h3>[anchor name=\"MBCT\"]Minfdulness-Based Cognitive Therapy (MBCT)<\/h3>\r\nMBCT was created by Oxford professors Segal, Williams, Barnard and Teasdale in 1991. The theory is that being aware of experience in the present, instead of\u00a0focusing on the past or the future, will allow the patient to be more apt to deal with current stressors and distressing feelings with a flexible and accepting mindset, rather than avoiding, and, therefore, prolonging and amplifying them.\r\n\r\n&nbsp;\r\n<div><\/div>\r\nhttps:\/\/www.youtube.com\/watch?v=ytEFmXjWA0c\r\n\r\n&nbsp;\r\n<div><\/div>\r\nResearch supports the effects of MBCT in people who have been depressed three or more times and demonstrates reduced relapse rates by 50%. Since 2006\u00a0research supports promising mindfulness-based therapies\u00a0for a number of medical and psychiatric conditions, including:\r\n<ul>\r\n \t<li>Chronic pain (McCracken, et al. 2007)<\/li>\r\n \t<li>Stress (Grossman, et al. 2004)<\/li>\r\n \t<li>Addiction (Teasdale, et al. 2000)<\/li>\r\n \t<li>Anxiety and depression (Hofmann, et al. 2010)<\/li>\r\n \t<li>Substance abuse (Melemis 2008)<\/li>\r\n \t<li>Recurrent suicidal behaviour (Williams, et al. 2006)<\/li>\r\n \t<li>Borderline, bipolar and other personality disorders (Zanarini, et al. 2000)<\/li>\r\n<\/ul>\r\n&nbsp;\r\n<blockquote style=\"width: 32%;\"><em>\"The goal of MBCT is to <strong>interrupt <\/strong>automatic cognitive processes and <strong>diminish<\/strong> reactions to incoming stimuli, by <strong>accepting<\/strong> and <strong>observing<\/strong> them without judgment.<\/em>\r\n\r\n<strong>J.N. Felder<\/strong>,\u00a0Psychologist<\/blockquote>\r\n&nbsp;\r\n\r\n&nbsp;\r\n\r\n[anchor name=\"CACBT\"]Culturally Adapted CBT (CACBT)\r\n\r\nCBT has been used across cultures successfully, but needs to be adapted according to cultural and local issues (Otto, et al, 2003; Udomratn, 2008).\u00a0Studies suggest that community therapists can be trained in CBT for post-disaster distress in relatively short time spans with ongoing support in a real-world setting. This is especially important in emergency disaster situations, when a number of non-expert trauma therapists will need to deliver trauma services (Hamblen, et al, 2010) to large numbers of people (Kar, 2009).\r\n\r\nTo support CBT application, culturally adapted explanations, symbolic representations and use of local language are of great support for trainees to build upon their existing skills and knowledge. In this way, they can deliver CBT treatment more effectively.\r\n<h3><\/h3>\r\n&nbsp;\r\n\r\n&nbsp;\r\n<h3>CBT Applied: Hurricane Katrina Relief Efforts<\/h3>\r\nThe effectiveness of disseminating CBT for post-disaster distress to community therapists was studied following Hurricane Katrina. Following two days of training in CBT for post-disaster distress, therapists showed significant improvement in their ratings of the importance of various elements of CBT, their knowledge and understanding of those elements, and their confidence that they could use them effectively. Immediately following training, 90% of therapists demonstrated excellent retention of CBT for postdisaster distress (Hamblen, et al, 2010).\r\n\r\n[caption id=\"attachment_294\" align=\"alignleft\" width=\"317\"]<img class=\" wp-image-294\" src=\"http:\/\/boazfeldman.com\/wp-content\/uploads\/droppedImage_ss1.png\" alt=\"Hurricane Katrina Disaster 2005\" width=\"317\" height=\"210\" \/> Hurricane Katrina Disaster 2005[\/caption]\r\n\r\nCBT for post-disaster distress, comprising 10 sessions, provided by community therapists addressing a range of cognitive, emotional, and behavioral reactions to disaster in adult survivors of Hurricane Katrina has been reported to be effective. Participants who were assessed at various phases of treatment showed significant and large improvements. The benefits were maintained at follow-up distress (Hamblen, et al, 2009).<strong>\r\n<\/strong>","_en_post_name":"geneva-cognitive-behavioral-therapy","_en_post_excerpt":"","_en_post_title":"Cognitive Behavioral","_fr_post_content":"[gallery ids=\"1804,1806,1818\"]\r\n<h1>Th\u00e9rapie\u00a0Cognitivo-Comportementale<\/h1>\r\n<h3>[anchor name=\"TCC\"]Fondamentaux de la Th\u00e9rapie Cognitivo-Comportementale<\/h3>\r\nL'objectif de la th\u00e9rapie cognitivo-comportementale (TCC) est d'apprendre que, malgr\u00e9 le fait que le client n'a pas le contr\u00f4le total\u00a0sur son environnement, il\/elle peut interpr\u00e9ter ce qui s'y passe.\r\n\r\n&nbsp;\r\n\r\n[caption id=\"attachment_290\" align=\"alignleft\" width=\"416\"]<img class=\" wp-image-290\" src=\"http:\/\/boazfeldman.com\/wp-content\/uploads\/cognitive-therapy-for-aspergers-700x503.gif\" alt=\"CBT enables one to see the relationships between the different parts of our experience.\" width=\"416\" height=\"294\" \/> La TCC permet de faire des liens entre les diff\u00e9rentes parties de soi et de son environnement.[\/caption]\r\n\r\nLes sentiments et les pens\u00e9es jouent un r\u00f4le important dans notre comportement. Par exemple, une personne qui pense souvent \u00e0 des accidents d'avions prendra probablement moins l'avion - une personne qui ch\u00e9rit r\u00e9guli\u00e8rement sa relation avec ses amis aura tendance \u00e0 pass\u00e9 plus de temps avec eux.\r\n\r\nLa TCC est utilis\u00e9e afin de gu\u00e9rir d'une grande diversit\u00e9 de maladies et maux comme l'anxi\u00e9t\u00e9, les phobies, la d\u00e9pression et les addictions.\r\n\r\n&nbsp;\r\n\r\n&nbsp;\r\n\r\n&nbsp;\r\n<h3>[anchor name=\"MBCT\"]TCC\u00a0Bas\u00e9e sur la Pleine Conscience<\/h3>\r\nLa\u00a0TCC\u00a0bas\u00e9e sur la Pleine Conscience (Mindfulness-Based Cognitive Therapy) fut cr\u00e9\u00e9e \u00e0 Oxford\u00a0par les professeurs\u00a0Segal, Williams, Barnard et\u00a0Teasdale en\u00a01991. La th\u00e9orie de base est que d'\u00eatre conscient dans l'instant pr\u00e9sent, plut\u00f4t que de penser au pass\u00e9 ou au futur, permet au client d'\u00eatre plus en harmonie avec les difficult\u00e9s qui surgissent. Ainsi les probl\u00e8mes ne sont ni amplifi\u00e9s, ni \u00e9vit\u00e9s.\r\n\r\n&nbsp;\r\n<div><\/div>\r\nhttp:\/\/www.youtube.com\/watch?v=SrMV7ra0w9Q\r\n\r\n&nbsp;\r\n<div><\/div>\r\nLes recherches cliniques d\u00e9montrent que la MBCT r\u00e9duit les rechutes d\u00e9pressives de 50% pour les personnes qui ont eu 3 \u00e9pisodes d\u00e9pressifs ou plus. Depuis 2006, cette th\u00e9rapie est utilis\u00e9e pour le grnd public afin de traiter divers probl\u00e9matiques:\r\n<ul>\r\n\t<li>Les douleurs chroniques\u00a0(McCracken, et al. 2007)<\/li>\r\n\t<li>Le stress (Grossman, et al. 2004)<\/li>\r\n\t<li>Les addictions (Teasdale, et al. 2000)<\/li>\r\n\t<li>L'anxiety et la d\u00e9pression (Hofmann, et al. 2010)<\/li>\r\n\t<li>les abus de substances (Melemis, 2008)<\/li>\r\n\t<li>Les comportements suicidaires r\u00e9currents (Williams, et al. 2006)<\/li>\r\n\t<li>Les conditions borderline, bipolaire et autres troubles de la personalit\u00e9\u00a0(Zanarini, et al. 2000)<\/li>\r\n<\/ul>\r\n&nbsp;\r\n<blockquote>\"L'objectif de la MBCT est d'interrompre les processus cognitifs automatiques et r\u00e9duire les r\u00e9actions aux stimuli arrivants en les observant sans jugement avec acceptation.\r\n<h6>J.N. Felder,\u00a0Psychologue<\/h6>\r\n<\/blockquote>\r\n&nbsp;\r\n<h3><\/h3>\r\n<h3>[anchor name=\"Adaptation\"]Adaptation culturelle de la TCC<\/h3>\r\nAvec des adaptations sp\u00e9cifiques aux cultures et aux conditions sociales locales, la TCC s'est d\u00e9montr\u00e9e applicable et efficace dans de nombreuses interventions dans des pays autres qu'en occident (Otto, et al, 2003; Udomratn, 2008).\r\n\r\nDe nombreuses \u00e9tudes expliquent que des th\u00e9rapeutes communautaires peuvent \u00eatre entra\u00eener en TCC en peu de temps. Ceci est particuli\u00e8rement important lors de crises d'urgences et de conflits\u00a0(Hamblen, et al, 2010) \u00e0 de grands nombres de personnes\u00a0(Kar, 2009).\r\n\r\n&nbsp;\r\n\r\n&nbsp;\r\n\r\n&nbsp;\r\n<h6><em>Kar, N (2009).<\/em>Natural disasters in developing countries: mental health issues.\u00a0<em>Indian J Med Sci. 63(8):327-9.<\/em><\/h6>\r\n<h6><em>Otto MW, Hinton D, Korbly NB, Chea A, Ba P, Gershuny BS, Pollack MH, (2003). <\/em>Treatment of pharmacotherapy-refractory posttraumatic stress disorder among Cambodian refugees: a pilot study of combination treatment with cognitive-behavior therapy vs sertraline alone.<em> Behav Res Ther, 41(11):1271-6.<\/em><\/h6>\r\n<h6><em>Udomratn P, (2008). <\/em>Mental health and the psychosocial consequences of natural disasters in Asia.<em> Int Rev PsychiatryOct; 20(5):441-4.<\/em><\/h6>","_fr_post_name":"genevecognitivo-comportementale","_fr_post_excerpt":"","_fr_post_title":"Cognitivo-Comportementale","edit_language":"fr","footnotes":""},"class_list":["post-18","page","type-page","status-publish","hentry"],"_links":{"self":[{"href":"http:\/\/boazfeldman.com\/fr\/wp-json\/wp\/v2\/pages\/18","targetHints":{"allow":["GET"]}}],"collection":[{"href":"http:\/\/boazfeldman.com\/fr\/wp-json\/wp\/v2\/pages"}],"about":[{"href":"http:\/\/boazfeldman.com\/fr\/wp-json\/wp\/v2\/types\/page"}],"author":[{"embeddable":true,"href":"http:\/\/boazfeldman.com\/fr\/wp-json\/wp\/v2\/users\/1"}],"replies":[{"embeddable":true,"href":"http:\/\/boazfeldman.com\/fr\/wp-json\/wp\/v2\/comments?post=18"}],"version-history":[{"count":71,"href":"http:\/\/boazfeldman.com\/fr\/wp-json\/wp\/v2\/pages\/18\/revisions"}],"predecessor-version":[{"id":1578,"href":"http:\/\/boazfeldman.com\/fr\/wp-json\/wp\/v2\/pages\/18\/revisions\/1578"}],"up":[{"embeddable":true,"href":"http:\/\/boazfeldman.com\/fr\/wp-json\/wp\/v2\/pages\/16"}],"wp:attachment":[{"href":"http:\/\/boazfeldman.com\/fr\/wp-json\/wp\/v2\/media?parent=18"}],"curies":[{"name":"wp","href":"https:\/\/api.w.org\/{rel}","templated":true}]}}