{"id":2096,"date":"2021-09-26T23:20:12","date_gmt":"2021-09-26T22:20:12","guid":{"rendered":"http:\/\/boazfeldman.com\/?page_id=2096"},"modified":"2023-02-05T21:49:51","modified_gmt":"2023-02-05T20:49:51","slug":"dharma-meditation","status":"publish","type":"page","link":"http:\/\/boazfeldman.com\/fr\/formation\/dharma-meditation\/","title":{"rendered":"Soir\u00e9es bimensuelles","raw":"Soir\u00e9es bimensuelles"},"content":{"rendered":"<div id=\"gallery\" class=\"slides\"><div class=\"gallery-image\" style=\"background-image:url(http:\/\/boazfeldman.com\/wp-content\/uploads\/Screen-Shot-2016-12-28-at-21.02.11.png)\"><\/div><div class=\"gallery-image\" style=\"background-image:url(http:\/\/boazfeldman.com\/wp-content\/uploads\/Screen-Shot-2016-12-28-at-19.30.12.png)\"><\/div><div class=\"gallery-image\" style=\"background-image:url(http:\/\/boazfeldman.com\/wp-content\/uploads\/Screen-Shot-2016-12-28-at-19.32.58-1.png)\"><\/div><\/div><div id=\"gallery-placeholder\"><\/div><script>\n\t\tdocument.getElementById(\"gallery-placeholder\").style.height = (30+window.innerWidth*(300\/1380)) +\"px\";\n\t<\/script>\n<h1 class=\"notice\">\u00ab\u00a0LE DHARMA DANS TOUS SES ETATS\u00a0\u00bb: soir\u00e9es bimensuelles de m\u00e9ditation en ligne<\/h1>\n<div class=\"notice\"><\/div>\n<div class=\"notice\">\n<p>\u00a0<a href=\"https:\/\/sophie-boyer.weonea.com\/page\/92232\">Sophie Boyer<\/a> ET Boaz Feldman ont le plaisir de vous convier \u00e0 des rencontres bimensuelles en ligne (via Zoom)! Les s\u00e9ances ont lieux 2x\/mois, les premiers et troisi\u00e8mes jeudis de chaque mois de <strong>19h-20h30 CET<\/strong> (heure Paris)<\/p>\n<ul>\n<li><span style=\"text-decoration: underline;\">JEUDI 16 f\u00e9vrier<\/span> avec <strong>Boaz<\/strong>: Us02web.zoom.us\/j\/89241452920<\/li>\n<li><span style=\"text-decoration: underline;\">JEUDI\u00a02 mars<\/span> avec <strong>Sophie<\/strong>: us02web.zoom.us\/j\/86295685076, Password: 031229<\/li>\n<li><span style=\"text-decoration: underline;\">JEUDI\u00a016 mars<\/span> avec <strong>Monica<\/strong>: Us02web.zoom.us\/j\/89241452920<\/li>\n<li><span style=\"text-decoration: underline;\">JEUDI 6 avril<\/span> avec <strong>Joa<\/strong>: (lien sera envoy\u00e9 par courriel, ajoutez-vous sur notre mailing en faisant la demande <a href=\"http:\/\/boazfeldman.com\/fr\/contact\/\">ici<\/a>)<\/li>\n<li><span style=\"text-decoration: underline;\">JEUDI 20 avril<\/span> avec <strong>Sophie<\/strong>: us02web.zoom.us\/j\/86295685076, Password: 031229<\/li>\n<li><span style=\"text-decoration: underline;\">JEUDI 4 mai<\/span> avec <strong>(\u00e0 confirmer)<\/strong>: us02web.zoom.us\/j\/86295685076, Password: 031229<\/li>\n<li><span style=\"text-decoration: underline;\">JEUDI 18 mai<\/span> avec <strong>Boaz<\/strong>: Us02web.zoom.us\/j\/89241452920<\/li>\n<li><span style=\"text-decoration: underline;\">JEUDI 1 juin<\/span> avec <strong>Joa<\/strong>: (lien sera envoy\u00e9 par courriel, ajoutez-vous sur notre mailing en faisant la demande ici)<\/li>\n<li><span style=\"text-decoration: underline;\">JEUDI 15 juin<\/span> avec <strong>Monica<\/strong>: Us02web.zoom.us\/j\/89241452920<\/li>\n<li><span style=\"text-decoration: underline;\">JEUDI 29 juin<\/span> avec <strong>Boaz<\/strong>: Us02web.zoom.us\/j\/89241452920<\/li>\n<\/ul>\n<p>Le Dharma est la pratique de la sagesse. La m\u00e9ditation vipassana est une pratique centrale du chemin bouddhiste et offre de nombreuses possibilit\u00e9s pour d\u00e9velopper la sagesse. En particulier, la m\u00e9ditation permet de se d\u00e9centrer de son exp\u00e9rience et d&rsquo;ouvrir de nouveaux champs d&rsquo;action dans le monde.<\/p>\n<p>&nbsp;<\/p>\n<p>&nbsp;<\/p>\n<blockquote><p>\u00ab\u00a0Nous sommes ce que nous pensons. Tout ce que nous sommes r\u00e9sulte de nos pens\u00e9es. Avec nos pens\u00e9es, nous b\u00e2tissons notre monde.\u00a0\u00bb<\/p>\n<h6>Bouddha, 548 AEC<\/h6>\n<\/blockquote>\n<p>&nbsp;<\/p>\n<p>&nbsp;<\/p>\n<p>Ces s\u00e9ances bimensuelles auront pour but de cheminer ensemble, formant une communaut\u00e9 de pratique centr\u00e9 sur le d\u00e9veloppement de la sagesse. Une soir\u00e9e type de 90 minutes inclura:<\/p>\n<ul>\n<li>1 pratique de m\u00e9ditation en silence (30 minutes)<\/li>\n<li>un enseignement (15-20 minutes)<\/li>\n<li>une discussion en petit groupe<\/li>\n<li>une r\u00e9flexion collective &amp; questions-r\u00e9ponses<\/li>\n<\/ul>\n<h2><\/h2>\n<h2>Les buts de ces soir\u00e9es sont les suivants:<\/h2>\n<\/div>\n<ul>\n<li>Approfondir la compr\u00e9hension des enseignements bouddhistes (et diverses traditions de sagesse) sur la m\u00e9ditation<\/li>\n<li>Avancer sur son chemin spirituel et s&rsquo;\u00e9panouir \u00e9motionnellement<\/li>\n<li>B\u00e9n\u00e9ficier de la force d&rsquo;une pratique m\u00e9ditative en communaut\u00e9<\/li>\n<li>Partages sur l&rsquo;application des pratiques de sagesse dans la vie quotidienne et la soci\u00e9t\u00e9 contemporaine<\/li>\n<\/ul>\n<p>Cet espace se veut ouvert \u00e0 toutes et tous sans discrimination de couleur, de genre, de statut ou d&rsquo;orientation religieuse. Faisons de la diversit\u00e9 une opportunit\u00e9 de rencontre au coeur de ce qui nous unit vraiment &#8211; notre humanit\u00e9!<\/p>\n<h2><\/h2>\n<h2>G\u00e9n\u00e9rosit\u00e9<\/h2>\n<p>Ces soir\u00e9es sont offertes sur la base du Dana (pratique de la g\u00e9n\u00e9rosit\u00e9 selon la tradition bouddhiste). Cette tradition a permis aux enseignements du Bouddha de perdurer depuis plus de 2500 ans. Il permet de soutenir la communaut\u00e9 monastique. En occident, cette tradition permet de faire vivre de nombreux lieux de retraites mais aussi d\u2019enseignants.<\/p>\n<p>Le Dana est une invitation \u00e0 observer nos propres sentiments. L\u2019enseignement re\u00e7u a-t-il \u00e9t\u00e9 b\u00e9n\u00e9fique? Ressentons-nous de la gratitude? Une ouverture du coeur peut-elle \u00eatre ressentie? Quelle valeur donnons-nous \u00e0 ce qui a \u00e9t\u00e9 re\u00e7u? Ce qui importe dans la pratique de la g\u00e9n\u00e9rosit\u00e9, ce n\u2019est pas le montant que l\u2019on va attribuer, mais plut\u00f4t l\u2019intention avec laquelle nous donnons. Un Dana aussi petit soit-il, ne sera jamais insignifiant si la motivation qui l&rsquo;accompagne est authentique.<\/p>\n<ul>\n<li>Faire un don \u00e0 <strong>Sophie<\/strong> (paypal ou transfert bancaire): <a href=\"https:\/\/sophie-boyer.weonea.com\/page\/97515\">cliquer ici<\/a><\/li>\n<li>Faire un don \u00e0 <strong>Boaz<\/strong>: <a href=\"https:\/\/neurosystemics.org\/simple-event\/danadharma\/\">carte de cr\u00e9dit<\/a> &amp; IBAN: CH930024324351495940F (nom: Benjamin Boaz Feldman)<\/li>\n<li>Faire un don \u00e0 <strong>Monica<\/strong>: IBAN<\/li>\n<li>Faire un don \u00e0 <strong>Joa<\/strong>:<\/li>\n<\/ul>\n<p>&nbsp;<\/p>\n<p>&nbsp;<\/p>\n<blockquote>\n<p style=\"text-align: center;\">Au plaisir de vous y retrouver bient\u00f4t!<\/p>\n<\/blockquote>\n","protected":false,"raw":"[gallery ids=\"1818,1793,1806\"]\r\n<h1 class=\"notice\">\"LE DHARMA DANS TOUS SES ETATS\": soir\u00e9es bimensuelles de m\u00e9ditation en ligne<\/h1>\r\n<div class=\"notice\"><\/div>\r\n<div class=\"notice\">\r\n\r\n\u00a0<a href=\"https:\/\/sophie-boyer.weonea.com\/page\/92232\">Sophie Boyer<\/a> ET Boaz Feldman ont le plaisir de vous convier \u00e0 des rencontres bimensuelles en ligne (via Zoom)! Les s\u00e9ances ont lieux 2x\/mois, les premiers et troisi\u00e8mes jeudis de chaque mois de <strong>19h-20h30 CET<\/strong> (heure Paris)\r\n<ul>\r\n \t<li><span style=\"text-decoration: underline;\">JEUDI 16 f\u00e9vrier<\/span> avec <strong>Boaz<\/strong>: Us02web.zoom.us\/j\/89241452920<\/li>\r\n \t<li><span style=\"text-decoration: underline;\">JEUDI\u00a02 mars<\/span> avec <strong>Sophie<\/strong>: us02web.zoom.us\/j\/86295685076, Password: 031229<\/li>\r\n \t<li><span style=\"text-decoration: underline;\">JEUDI\u00a016 mars<\/span> avec <strong>Monica<\/strong>: Us02web.zoom.us\/j\/89241452920<\/li>\r\n \t<li><span style=\"text-decoration: underline;\">JEUDI 6 avril<\/span> avec <strong>Joa<\/strong>: (lien sera envoy\u00e9 par courriel, ajoutez-vous sur notre mailing en faisant la demande <a href=\"http:\/\/boazfeldman.com\/fr\/contact\/\">ici<\/a>)<\/li>\r\n \t<li><span style=\"text-decoration: underline;\">JEUDI 20 avril<\/span> avec <strong>Sophie<\/strong>: us02web.zoom.us\/j\/86295685076, Password: 031229<\/li>\r\n \t<li><span style=\"text-decoration: underline;\">JEUDI 4 mai<\/span> avec <strong>(\u00e0 confirmer)<\/strong>: us02web.zoom.us\/j\/86295685076, Password: 031229<\/li>\r\n \t<li><span style=\"text-decoration: underline;\">JEUDI 18 mai<\/span> avec <strong>Boaz<\/strong>: Us02web.zoom.us\/j\/89241452920<\/li>\r\n \t<li><span style=\"text-decoration: underline;\">JEUDI 1 juin<\/span> avec <strong>Joa<\/strong>: (lien sera envoy\u00e9 par courriel, ajoutez-vous sur notre mailing en faisant la demande ici)<\/li>\r\n \t<li><span style=\"text-decoration: underline;\">JEUDI 15 juin<\/span> avec <strong>Monica<\/strong>: Us02web.zoom.us\/j\/89241452920<\/li>\r\n \t<li><span style=\"text-decoration: underline;\">JEUDI 29 juin<\/span> avec <strong>Boaz<\/strong>: Us02web.zoom.us\/j\/89241452920<\/li>\r\n<\/ul>\r\nLe Dharma est la pratique de la sagesse. La m\u00e9ditation vipassana est une pratique centrale du chemin bouddhiste et offre de nombreuses possibilit\u00e9s pour d\u00e9velopper la sagesse. En particulier, la m\u00e9ditation permet de se d\u00e9centrer de son exp\u00e9rience et d'ouvrir de nouveaux champs d'action dans le monde.\r\n\r\n&nbsp;\r\n\r\n&nbsp;\r\n<blockquote>\"Nous sommes ce que nous pensons. Tout ce que nous sommes r\u00e9sulte de nos pens\u00e9es. Avec nos pens\u00e9es, nous b\u00e2tissons notre monde.\"\r\n<h6>Bouddha, 548 AEC<\/h6>\r\n<\/blockquote>\r\n&nbsp;\r\n\r\n&nbsp;\r\n\r\nCes s\u00e9ances bimensuelles auront pour but de cheminer ensemble, formant une communaut\u00e9 de pratique centr\u00e9 sur le d\u00e9veloppement de la sagesse. Une soir\u00e9e type de 90 minutes inclura:\r\n<ul>\r\n \t<li>1 pratique de m\u00e9ditation en silence (30 minutes)<\/li>\r\n \t<li>un enseignement (15-20 minutes)<\/li>\r\n \t<li>une discussion en petit groupe<\/li>\r\n \t<li>une r\u00e9flexion collective &amp; questions-r\u00e9ponses<\/li>\r\n<\/ul>\r\n<h2><\/h2>\r\n<h2>Les buts de ces soir\u00e9es sont les suivants:<\/h2>\r\n<\/div>\r\n<ul>\r\n \t<li>Approfondir la compr\u00e9hension des enseignements bouddhistes (et diverses traditions de sagesse) sur la m\u00e9ditation<\/li>\r\n \t<li>Avancer sur son chemin spirituel et s'\u00e9panouir \u00e9motionnellement<\/li>\r\n \t<li>B\u00e9n\u00e9ficier de la force d'une pratique m\u00e9ditative en communaut\u00e9<\/li>\r\n \t<li>Partages sur l'application des pratiques de sagesse dans la vie quotidienne et la soci\u00e9t\u00e9 contemporaine<\/li>\r\n<\/ul>\r\nCet espace se veut ouvert \u00e0 toutes et tous sans discrimination de couleur, de genre, de statut ou d'orientation religieuse. Faisons de la diversit\u00e9 une opportunit\u00e9 de rencontre au coeur de ce qui nous unit vraiment - notre humanit\u00e9!\r\n<h2><\/h2>\r\n<h2>G\u00e9n\u00e9rosit\u00e9<\/h2>\r\nCes soir\u00e9es sont offertes sur la base du Dana (pratique de la g\u00e9n\u00e9rosit\u00e9 selon la tradition bouddhiste). Cette tradition a permis aux enseignements du Bouddha de perdurer depuis plus de 2500 ans. Il permet de soutenir la communaut\u00e9 monastique. En occident, cette tradition permet de faire vivre de nombreux lieux de retraites mais aussi d\u2019enseignants.\r\n\r\nLe Dana est une invitation \u00e0 observer nos propres sentiments. L\u2019enseignement re\u00e7u a-t-il \u00e9t\u00e9 b\u00e9n\u00e9fique? Ressentons-nous de la gratitude? Une ouverture du coeur peut-elle \u00eatre ressentie? Quelle valeur donnons-nous \u00e0 ce qui a \u00e9t\u00e9 re\u00e7u? Ce qui importe dans la pratique de la g\u00e9n\u00e9rosit\u00e9, ce n\u2019est pas le montant que l\u2019on va attribuer, mais plut\u00f4t l\u2019intention avec laquelle nous donnons. Un Dana aussi petit soit-il, ne sera jamais insignifiant si la motivation qui l'accompagne est authentique.\r\n<ul>\r\n \t<li>Faire un don \u00e0 <strong>Sophie<\/strong> (paypal ou transfert bancaire): <a href=\"https:\/\/sophie-boyer.weonea.com\/page\/97515\">cliquer ici<\/a><\/li>\r\n \t<li>Faire un don \u00e0 <strong>Boaz<\/strong>: <a href=\"https:\/\/neurosystemics.org\/simple-event\/danadharma\/\">carte de cr\u00e9dit<\/a> &amp; IBAN: CH930024324351495940F (nom: Benjamin Boaz Feldman)<\/li>\r\n \t<li>Faire un don \u00e0 <strong>Monica<\/strong>: IBAN<\/li>\r\n \t<li>Faire un don \u00e0 <strong>Joa<\/strong>:<\/li>\r\n<\/ul>\r\n&nbsp;\r\n\r\n&nbsp;\r\n<blockquote>\r\n<p style=\"text-align: center;\">Au plaisir de vous y retrouver bient\u00f4t!<\/p>\r\n<\/blockquote>"},"excerpt":{"rendered":"","protected":false,"raw":""},"author":6,"featured_media":0,"parent":24,"menu_order":0,"comment_status":"closed","ping_status":"closed","template":"","meta":{"_en_post_content":"","_en_post_name":"dharma-meditation","_en_post_excerpt":"","_en_post_title":"Dharma & M\u00e9ditation","_fr_post_content":"[gallery ids=\"1818,1793,1806\"]\r\n<h1 class=\"notice\">\"LE DHARMA DANS TOUS SES ETATS\": soir\u00e9es bimensuelles de m\u00e9ditation en ligne<\/h1>\r\n<div class=\"notice\"><\/div>\r\n<div class=\"notice\">\r\n\r\n\u00a0<a href=\"https:\/\/sophie-boyer.weonea.com\/page\/92232\">Sophie Boyer<\/a> ET Boaz Feldman ont le plaisir de vous convier \u00e0 des rencontres bimensuelles en ligne (via Zoom)! Les s\u00e9ances ont lieux 2x\/mois, les premiers et troisi\u00e8mes jeudis de chaque mois de <strong>19h-20h30 CET<\/strong> (heure Paris)\r\n<ul>\r\n \t<li><span style=\"text-decoration: underline;\">JEUDI 16 f\u00e9vrier<\/span> avec <strong>Boaz<\/strong>: Us02web.zoom.us\/j\/89241452920<\/li>\r\n \t<li><span style=\"text-decoration: underline;\">JEUDI\u00a02 mars<\/span> avec <strong>Sophie<\/strong>: us02web.zoom.us\/j\/86295685076, Password: 031229<\/li>\r\n \t<li><span style=\"text-decoration: underline;\">JEUDI\u00a016 mars<\/span> avec <strong>Monica<\/strong>: Us02web.zoom.us\/j\/89241452920<\/li>\r\n \t<li><span style=\"text-decoration: underline;\">JEUDI 6 avril<\/span> avec <strong>Joa<\/strong>: (lien sera envoy\u00e9 par courriel, ajoutez-vous sur notre mailing en faisant la demande <a href=\"http:\/\/boazfeldman.com\/fr\/contact\/\">ici<\/a>)<\/li>\r\n \t<li><span style=\"text-decoration: underline;\">JEUDI 20 avril<\/span> avec <strong>Sophie<\/strong>: us02web.zoom.us\/j\/86295685076, Password: 031229<\/li>\r\n \t<li><span style=\"text-decoration: underline;\">JEUDI 4 mai<\/span> avec <strong>(\u00e0 confirmer)<\/strong>: us02web.zoom.us\/j\/86295685076, Password: 031229<\/li>\r\n \t<li><span style=\"text-decoration: underline;\">JEUDI 18 mai<\/span> avec <strong>Boaz<\/strong>: Us02web.zoom.us\/j\/89241452920<\/li>\r\n \t<li><span style=\"text-decoration: underline;\">JEUDI 1 juin<\/span> avec <strong>Joa<\/strong>: (lien sera envoy\u00e9 par courriel, ajoutez-vous sur notre mailing en faisant la demande ici)<\/li>\r\n \t<li><span style=\"text-decoration: underline;\">JEUDI 15 juin<\/span> avec <strong>Monica<\/strong>: Us02web.zoom.us\/j\/89241452920<\/li>\r\n \t<li><span style=\"text-decoration: underline;\">JEUDI 29 juin<\/span> avec <strong>Boaz<\/strong>: Us02web.zoom.us\/j\/89241452920<\/li>\r\n<\/ul>\r\nLe Dharma est la pratique de la sagesse. La m\u00e9ditation vipassana est une pratique centrale du chemin bouddhiste et offre de nombreuses possibilit\u00e9s pour d\u00e9velopper la sagesse. En particulier, la m\u00e9ditation permet de se d\u00e9centrer de son exp\u00e9rience et d'ouvrir de nouveaux champs d'action dans le monde.\r\n\r\n&nbsp;\r\n\r\n&nbsp;\r\n<blockquote>\"Nous sommes ce que nous pensons. Tout ce que nous sommes r\u00e9sulte de nos pens\u00e9es. Avec nos pens\u00e9es, nous b\u00e2tissons notre monde.\"\r\n<h6>Bouddha, 548 AEC<\/h6>\r\n<\/blockquote>\r\n&nbsp;\r\n\r\n&nbsp;\r\n\r\nCes s\u00e9ances bimensuelles auront pour but de cheminer ensemble, formant une communaut\u00e9 de pratique centr\u00e9 sur le d\u00e9veloppement de la sagesse. Une soir\u00e9e type de 90 minutes inclura:\r\n<ul>\r\n \t<li>1 pratique de m\u00e9ditation en silence (30 minutes)<\/li>\r\n \t<li>un enseignement (15-20 minutes)<\/li>\r\n \t<li>une discussion en petit groupe<\/li>\r\n \t<li>une r\u00e9flexion collective &amp; questions-r\u00e9ponses<\/li>\r\n<\/ul>\r\n<h2><\/h2>\r\n<h2>Les buts de ces soir\u00e9es sont les suivants:<\/h2>\r\n<\/div>\r\n<ul>\r\n \t<li>Approfondir la compr\u00e9hension des enseignements bouddhistes (et diverses traditions de sagesse) sur la m\u00e9ditation<\/li>\r\n \t<li>Avancer sur son chemin spirituel et s'\u00e9panouir \u00e9motionnellement<\/li>\r\n \t<li>B\u00e9n\u00e9ficier de la force d'une pratique m\u00e9ditative en communaut\u00e9<\/li>\r\n \t<li>Partages sur l'application des pratiques de sagesse dans la vie quotidienne et la soci\u00e9t\u00e9 contemporaine<\/li>\r\n<\/ul>\r\nCet espace se veut ouvert \u00e0 toutes et tous sans discrimination de couleur, de genre, de statut ou d'orientation religieuse. Faisons de la diversit\u00e9 une opportunit\u00e9 de rencontre au coeur de ce qui nous unit vraiment - notre humanit\u00e9!\r\n<h2><\/h2>\r\n<h2>G\u00e9n\u00e9rosit\u00e9<\/h2>\r\nCes soir\u00e9es sont offertes sur la base du Dana (pratique de la g\u00e9n\u00e9rosit\u00e9 selon la tradition bouddhiste). Cette tradition a permis aux enseignements du Bouddha de perdurer depuis plus de 2500 ans. Il permet de soutenir la communaut\u00e9 monastique. En occident, cette tradition permet de faire vivre de nombreux lieux de retraites mais aussi d\u2019enseignants.\r\n\r\nLe Dana est une invitation \u00e0 observer nos propres sentiments. L\u2019enseignement re\u00e7u a-t-il \u00e9t\u00e9 b\u00e9n\u00e9fique? Ressentons-nous de la gratitude? Une ouverture du coeur peut-elle \u00eatre ressentie? Quelle valeur donnons-nous \u00e0 ce qui a \u00e9t\u00e9 re\u00e7u? Ce qui importe dans la pratique de la g\u00e9n\u00e9rosit\u00e9, ce n\u2019est pas le montant que l\u2019on va attribuer, mais plut\u00f4t l\u2019intention avec laquelle nous donnons. Un Dana aussi petit soit-il, ne sera jamais insignifiant si la motivation qui l'accompagne est authentique.\r\n<ul>\r\n \t<li>Faire un don \u00e0 <strong>Sophie<\/strong> (paypal ou transfert bancaire): <a href=\"https:\/\/sophie-boyer.weonea.com\/page\/97515\">cliquer ici<\/a><\/li>\r\n \t<li>Faire un don \u00e0 <strong>Boaz<\/strong>: <a href=\"https:\/\/neurosystemics.org\/simple-event\/danadharma\/\">carte de cr\u00e9dit<\/a> &amp; IBAN: CH930024324351495940F (nom: Benjamin Boaz Feldman)<\/li>\r\n \t<li>Faire un don \u00e0 <strong>Monica<\/strong>: IBAN<\/li>\r\n \t<li>Faire un don \u00e0 <strong>Joa<\/strong>:<\/li>\r\n<\/ul>\r\n&nbsp;\r\n\r\n&nbsp;\r\n<blockquote>\r\n<p style=\"text-align: center;\">Au plaisir de vous y retrouver bient\u00f4t!<\/p>\r\n<\/blockquote>","_fr_post_name":"dharma-meditation","_fr_post_excerpt":"","_fr_post_title":"Soir\u00e9es bimensuelles","edit_language":"fr","footnotes":""},"class_list":["post-2096","page","type-page","status-publish","hentry"],"_links":{"self":[{"href":"http:\/\/boazfeldman.com\/fr\/wp-json\/wp\/v2\/pages\/2096","targetHints":{"allow":["GET"]}}],"collection":[{"href":"http:\/\/boazfeldman.com\/fr\/wp-json\/wp\/v2\/pages"}],"about":[{"href":"http:\/\/boazfeldman.com\/fr\/wp-json\/wp\/v2\/types\/page"}],"author":[{"embeddable":true,"href":"http:\/\/boazfeldman.com\/fr\/wp-json\/wp\/v2\/users\/6"}],"replies":[{"embeddable":true,"href":"http:\/\/boazfeldman.com\/fr\/wp-json\/wp\/v2\/comments?post=2096"}],"version-history":[{"count":51,"href":"http:\/\/boazfeldman.com\/fr\/wp-json\/wp\/v2\/pages\/2096\/revisions"}],"predecessor-version":[{"id":2246,"href":"http:\/\/boazfeldman.com\/fr\/wp-json\/wp\/v2\/pages\/2096\/revisions\/2246"}],"up":[{"embeddable":true,"href":"http:\/\/boazfeldman.com\/fr\/wp-json\/wp\/v2\/pages\/24"}],"wp:attachment":[{"href":"http:\/\/boazfeldman.com\/fr\/wp-json\/wp\/v2\/media?parent=2096"}],"curies":[{"name":"wp","href":"https:\/\/api.w.org\/{rel}","templated":true}]}}