{"id":2231,"date":"2022-04-19T16:56:00","date_gmt":"2022-04-19T15:56:00","guid":{"rendered":"http:\/\/boazfeldman.com\/?page_id=2231"},"modified":"2022-04-19T16:59:36","modified_gmt":"2022-04-19T15:59:36","slug":"monica-antunes","status":"publish","type":"page","link":"http:\/\/boazfeldman.com\/fr\/monica-antunes\/","title":{"rendered":"","raw":""},"content":{"rendered":"<div id=\"gallery\" class=\"slides\"><div class=\"gallery-image\" style=\"background-image:url(http:\/\/boazfeldman.com\/wp-content\/uploads\/Screen-Shot-2016-12-28-at-21.05.25.png)\"><\/div><div class=\"gallery-image\" style=\"background-image:url(http:\/\/boazfeldman.com\/wp-content\/uploads\/11554004_xl.jpg)\"><\/div><div class=\"gallery-image\" style=\"background-image:url(http:\/\/boazfeldman.com\/wp-content\/uploads\/Genthod_and_Versoix_from_Lake_Geneva-copy.jpg)\"><\/div><\/div><div id=\"gallery-placeholder\"><\/div><script>\n\t\tdocument.getElementById(\"gallery-placeholder\").style.height = (30+window.innerWidth*(300\/1380)) +\"px\";\n\t<\/script>\n<h2>Bio de Monica Antunes<\/h2>\n<p>M\u00f3nica Antunes pratique la m\u00e9ditation bouddhique en Birmanie, en Europe (Gaia House) et aux \u00c9tats-Unis (IMS) depuis 2008 et a compl\u00e9t\u00e9 un total de plus de 4 ans de retraite silencieuse. Ses mentors principaux sont Joseph Goldstein, Guy Armstrong, Rob Burbea, Ajahn Succito et Sayadaw U Tejaniya. En 2017 elle a \u00e9t\u00e9 invit\u00e9e \u00e0 enseigner sous l&rsquo;orientation de Guy Armstrong aux Etats-Unis (IMS et Spirit Rock) et Patricia et Charles Genoud en Europe.<\/p>\n<p>Elle fait partie du corps enseignant des soir\u00e9es bimensuelles<em> \u00ab\u00a0le Dharma dans tous ses \u00e9tats\u00a0\u00bb<\/em> avec Sophie Boyer &amp; Boaz Feldman.<\/p>\n<p>&nbsp;<\/p>\n<p>&nbsp;<\/p>\n<h2>Programme de retraite 2022<\/h2>\n<ul>\n<li>avec Zohar Lavie and Nathan Glyde 11-17 juillet (hybride: <a href=\"https:\/\/gaiahouse.co.uk\/programme-2022\/livestreamed-faw\/\">en ligne<\/a> et <a href=\"https:\/\/gaiahouse.co.uk\/programme-2022\/freedom-of-awakened-heart\/\">r\u00e9sidentielle<\/a> \u00e0 Gaia House, en Angleterre)<\/li>\n<li>avec Patricia + Charles Genoud: <a href=\"https:\/\/vimalakirti.org\/programme\/retraites\/\">1-20 aout en r\u00e9sidentiel \u00e0 Izariat<\/a> (France)<\/li>\n<\/ul>\n<p>&nbsp;<\/p>\n<p>&nbsp;<\/p>\n","protected":false,"raw":"[gallery ids=\"1814,493,487\"]\r\n<h2>Bio de Monica Antunes<\/h2>\r\nM\u00f3nica Antunes pratique la m\u00e9ditation bouddhique en Birmanie, en Europe (Gaia House) et aux \u00c9tats-Unis (IMS) depuis 2008 et a compl\u00e9t\u00e9 un total de plus de 4 ans de retraite silencieuse. Ses mentors principaux sont Joseph Goldstein, Guy Armstrong, Rob Burbea, Ajahn Succito et Sayadaw U Tejaniya. En 2017 elle a \u00e9t\u00e9 invit\u00e9e \u00e0 enseigner sous l'orientation de Guy Armstrong aux Etats-Unis (IMS et Spirit Rock) et Patricia et Charles Genoud en Europe.\r\n\r\nElle fait partie du corps enseignant des soir\u00e9es bimensuelles<em> \"le Dharma dans tous ses \u00e9tats\"<\/em> avec Sophie Boyer &amp; Boaz Feldman.\r\n\r\n&nbsp;\r\n\r\n&nbsp;\r\n<h2>Programme de retraite 2022<\/h2>\r\n<ul>\r\n \t<li>avec Zohar Lavie and Nathan Glyde 11-17 juillet (hybride: <a href=\"https:\/\/gaiahouse.co.uk\/programme-2022\/livestreamed-faw\/\">en ligne<\/a> et <a href=\"https:\/\/gaiahouse.co.uk\/programme-2022\/freedom-of-awakened-heart\/\">r\u00e9sidentielle<\/a> \u00e0 Gaia House, en Angleterre)<\/li>\r\n \t<li>avec Patricia + Charles Genoud: <a href=\"https:\/\/vimalakirti.org\/programme\/retraites\/\">1-20 aout en r\u00e9sidentiel \u00e0 Izariat<\/a> (France)<\/li>\r\n<\/ul>\r\n&nbsp;\r\n\r\n&nbsp;"},"excerpt":{"rendered":"","protected":false,"raw":""},"author":6,"featured_media":0,"parent":0,"menu_order":0,"comment_status":"closed","ping_status":"closed","template":"","meta":{"_en_post_content":"[gallery ids=\"1814,493,487\"]\r\n<h2>Monica Antunes Bio<\/h2>\r\nM\u00f3nica Antunes has been practicing Buddhist meditation in Burma, Europe (Gaia House) and the United States (IMS) since 2008 and has completed a total of over 4 years of compounded silent retreat. Her main mentors are Joseph Goldstein, Guy Armstrong, Rob Burbea, Ajahn Succito and Sayadaw U Tejaniya. In 2017 she was invited to teach under the guidance of Guy Armstrong in the United States (IMS and Spirit Rock) and Patricia and Charles Genoud in Europe.\r\n\r\nShe is part of the teaching body of the French bi-monthly evenings \"the Dharma in all its drama\" with Sophie Boyer &amp; Boaz Feldman.\r\n\r\n&nbsp;\r\n\r\n&nbsp;\r\n\r\n&nbsp;","_en_post_name":"monica-antunes","_en_post_excerpt":"","_en_post_title":"Monica Antunes","_fr_post_content":"[gallery ids=\"1814,493,487\"]\r\n<h2>Bio de Monica Antunes<\/h2>\r\nM\u00f3nica Antunes pratique la m\u00e9ditation bouddhique en Birmanie, en Europe (Gaia House) et aux \u00c9tats-Unis (IMS) depuis 2008 et a compl\u00e9t\u00e9 un total de plus de 4 ans de retraite silencieuse. Ses mentors principaux sont Joseph Goldstein, Guy Armstrong, Rob Burbea, Ajahn Succito et Sayadaw U Tejaniya. En 2017 elle a \u00e9t\u00e9 invit\u00e9e \u00e0 enseigner sous l'orientation de Guy Armstrong aux Etats-Unis (IMS et Spirit Rock) et Patricia et Charles Genoud en Europe.\r\n\r\nElle fait partie du corps enseignant des soir\u00e9es bimensuelles<em> \"le Dharma dans tous ses \u00e9tats\"<\/em> avec Sophie Boyer &amp; Boaz Feldman.\r\n\r\n&nbsp;\r\n\r\n&nbsp;\r\n<h2>Programme de retraite 2022<\/h2>\r\n<ul>\r\n \t<li>avec Zohar Lavie and Nathan Glyde 11-17 juillet (hybride: <a href=\"https:\/\/gaiahouse.co.uk\/programme-2022\/livestreamed-faw\/\">en ligne<\/a> et <a href=\"https:\/\/gaiahouse.co.uk\/programme-2022\/freedom-of-awakened-heart\/\">r\u00e9sidentielle<\/a> \u00e0 Gaia House, en Angleterre)<\/li>\r\n \t<li>avec Patricia + Charles Genoud: <a href=\"https:\/\/vimalakirti.org\/programme\/retraites\/\">1-20 aout en r\u00e9sidentiel \u00e0 Izariat<\/a> (France)<\/li>\r\n<\/ul>\r\n&nbsp;\r\n\r\n&nbsp;","_fr_post_name":"monica-antunes","_fr_post_excerpt":"","_fr_post_title":"","edit_language":"fr","footnotes":""},"class_list":["post-2231","page","type-page","status-publish","hentry"],"_links":{"self":[{"href":"http:\/\/boazfeldman.com\/fr\/wp-json\/wp\/v2\/pages\/2231","targetHints":{"allow":["GET"]}}],"collection":[{"href":"http:\/\/boazfeldman.com\/fr\/wp-json\/wp\/v2\/pages"}],"about":[{"href":"http:\/\/boazfeldman.com\/fr\/wp-json\/wp\/v2\/types\/page"}],"author":[{"embeddable":true,"href":"http:\/\/boazfeldman.com\/fr\/wp-json\/wp\/v2\/users\/6"}],"replies":[{"embeddable":true,"href":"http:\/\/boazfeldman.com\/fr\/wp-json\/wp\/v2\/comments?post=2231"}],"version-history":[{"count":3,"href":"http:\/\/boazfeldman.com\/fr\/wp-json\/wp\/v2\/pages\/2231\/revisions"}],"predecessor-version":[{"id":2237,"href":"http:\/\/boazfeldman.com\/fr\/wp-json\/wp\/v2\/pages\/2231\/revisions\/2237"}],"wp:attachment":[{"href":"http:\/\/boazfeldman.com\/fr\/wp-json\/wp\/v2\/media?parent=2231"}],"curies":[{"name":"wp","href":"https:\/\/api.w.org\/{rel}","templated":true}]}}