{"id":47,"date":"2014-10-20T17:16:06","date_gmt":"2014-10-20T16:16:06","guid":{"rendered":"http:\/\/boazfeldman.com\/?page_id=47"},"modified":"2022-05-05T19:36:23","modified_gmt":"2022-05-05T18:36:23","slug":"groupes","status":"publish","type":"page","link":"http:\/\/boazfeldman.com\/fr\/recherche-2\/groupes\/","title":{"rendered":"Groupes & mentorat","raw":"Groupes & mentorat"},"content":{"rendered":"<div id=\"gallery\" class=\"slides\"><div class=\"gallery-image\" style=\"background-image:url(http:\/\/boazfeldman.com\/wp-content\/uploads\/Screen-Shot-2016-12-28-at-21.05.25.png)\"><\/div><div class=\"gallery-image\" style=\"background-image:url(http:\/\/boazfeldman.com\/wp-content\/uploads\/11554004_xl.jpg)\"><\/div><div class=\"gallery-image\" style=\"background-image:url(http:\/\/boazfeldman.com\/wp-content\/uploads\/Genthod_and_Versoix_from_Lake_Geneva-copy.jpg)\"><\/div><\/div><div id=\"gallery-placeholder\"><\/div><script>\n\t\tdocument.getElementById(\"gallery-placeholder\").style.height = (30+window.innerWidth*(300\/1380)) +\"px\";\n\t<\/script>\n<h2>Groupes<\/h2>\n<p>La communaut\u00e9 est une partie essentielle du chemin m\u00e9ditatif et de la Pleine Conscience. L&rsquo;enseignement du Bouddha offre de nombreuses r\u00e9flexions sur les pouvoirs d&rsquo;avoir de bons amis et de la compagnie comme points d&rsquo;ancrage dans les hauts et les bas du cheminement spirituel. La communaut\u00e9 est aussi le lieu o\u00f9 l&rsquo;on peut avoir des \u00e9changes pr\u00e9cieux sur l&rsquo;\u00e9volution de la pratique et se sentir moins seul face aux d\u00e9fis. Boaz propose r\u00e9guli\u00e8rement des espaces communautaires en ligne :<\/p>\n<ul>\n<li>Les s\u00e9ances NeuroSystemics Dharma sont offerts <strong>les premiers dimanches de chaque mois<\/strong>, entre 18h-19h30 CEST (13h-14h30 EST), et <a href=\"https:\/\/neurosystemics.learnworlds.com\/course\/neurosystemics-dharma\">vous pouvez vous inscrire ici<\/a><\/li>\n<li>Le groupe communautaire du Bodhi College se r\u00e9unit le premier mardi de chaque mois entre 18h-20h CEST (13h et 15h EST), et vous pouvez vous inscrire ici<\/li>\n<li>Le s\u00e9ances bimensuelles de m\u00e9ditation en fran\u00e7ais se r\u00e9unit les 1er et le 3e Jeudis de chaque mois entre 18h-19h30 CEST, et vous pouvez trouver <a href=\"http:\/\/boazfeldman.com\/fr\/formation\/dharma-meditation\/\">plus d&rsquo;informations ici<\/a><\/li>\n<\/ul>\n<p>Toutes les activit\u00e9s de groupe fonctionnent sur la base de dons, merci pour votre g\u00e9n\u00e9rosit\u00e9 !<\/p>\n<h2>\nMentorat<\/h2>\n<p>Comme on pratique r\u00e9guli\u00e8rement la m\u00e9ditation, il peut \u00eatre avantageux de recevoir des conseils sp\u00e9cialis\u00e9s. La m\u00e9ditation implique le d\u00e9veloppement de comp\u00e9tences dans les domaines de la perspicacit\u00e9, du calme et de la concentration, du jhana\/dhyana et de la vacuit\u00e9, et Boaz propose r\u00e9guli\u00e8rement des espaces en petits groupes pour guider les pratiquants dans leurs pratiques respectives. <a href=\"http:\/\/boazfeldman.com\/fr\/contact\/\">Veuillez contacter Boaz directement si vous souhaitez rejoindre l&rsquo;un de ces groupes ici<\/a>.<\/p>\n<p>&nbsp;<\/p>\n<p>&nbsp;<\/p>\n<p>&nbsp;<\/p>\n<blockquote style=\"width: 50%;\"><p>\u00ab\u00a0C&rsquo;est toute la vie spirituelle, Ananda,<br \/>\nl&rsquo;amiti\u00e9, la camaraderie. Quand on a un bon ami, un bon compagnon, un bon camarade, il faut s&rsquo;attendre \u00e0 ce qu&rsquo;on d\u00e9veloppe et cultive le Noble Octuple Sentier.\u00a0\u00bb<\/p>\n<p>-Gotama Buddha<\/p><\/blockquote>\n<p>&nbsp;<\/p>\n<p>&nbsp;<\/p>\n","protected":false,"raw":"[gallery ids=\"1814,493,487\"]\r\n<h2>Groupes<\/h2>\r\nLa communaut\u00e9 est une partie essentielle du chemin m\u00e9ditatif et de la Pleine Conscience. L'enseignement du Bouddha offre de nombreuses r\u00e9flexions sur les pouvoirs d'avoir de bons amis et de la compagnie comme points d'ancrage dans les hauts et les bas du cheminement spirituel. La communaut\u00e9 est aussi le lieu o\u00f9 l'on peut avoir des \u00e9changes pr\u00e9cieux sur l'\u00e9volution de la pratique et se sentir moins seul face aux d\u00e9fis. Boaz propose r\u00e9guli\u00e8rement des espaces communautaires en ligne :\r\n<ul>\r\n \t<li>Les s\u00e9ances NeuroSystemics Dharma sont offerts <strong>les premiers dimanches de chaque mois<\/strong>, entre 18h-19h30 CEST (13h-14h30 EST), et <a href=\"https:\/\/neurosystemics.learnworlds.com\/course\/neurosystemics-dharma\">vous pouvez vous inscrire ici<\/a><\/li>\r\n \t<li>Le groupe communautaire du Bodhi College se r\u00e9unit le premier mardi de chaque mois entre 18h-20h CEST (13h et 15h EST), et vous pouvez vous inscrire ici<\/li>\r\n \t<li>Le s\u00e9ances bimensuelles de m\u00e9ditation en fran\u00e7ais se r\u00e9unit les 1er et le 3e Jeudis de chaque mois entre 18h-19h30 CEST, et vous pouvez trouver <a href=\"http:\/\/boazfeldman.com\/fr\/formation\/dharma-meditation\/\">plus d'informations ici<\/a><\/li>\r\n<\/ul>\r\nToutes les activit\u00e9s de groupe fonctionnent sur la base de dons, merci pour votre g\u00e9n\u00e9rosit\u00e9 !\r\n<h2>\r\nMentorat<\/h2>\r\nComme on pratique r\u00e9guli\u00e8rement la m\u00e9ditation, il peut \u00eatre avantageux de recevoir des conseils sp\u00e9cialis\u00e9s. La m\u00e9ditation implique le d\u00e9veloppement de comp\u00e9tences dans les domaines de la perspicacit\u00e9, du calme et de la concentration, du jhana\/dhyana et de la vacuit\u00e9, et Boaz propose r\u00e9guli\u00e8rement des espaces en petits groupes pour guider les pratiquants dans leurs pratiques respectives. <a href=\"http:\/\/boazfeldman.com\/fr\/contact\/\">Veuillez contacter Boaz directement si vous souhaitez rejoindre l'un de ces groupes ici<\/a>.\r\n\r\n&nbsp;\r\n\r\n&nbsp;\r\n\r\n&nbsp;\r\n<blockquote style=\"width: 50%;\">\"C'est toute la vie spirituelle, Ananda,\r\nl'amiti\u00e9, la camaraderie. Quand on a un bon ami, un bon compagnon, un bon camarade, il faut s'attendre \u00e0 ce qu'on d\u00e9veloppe et cultive le Noble Octuple Sentier.\"\r\n\r\n-Gotama Buddha<\/blockquote>\r\n&nbsp;\r\n\r\n&nbsp;"},"excerpt":{"rendered":"","protected":false,"raw":""},"author":1,"featured_media":0,"parent":14,"menu_order":0,"comment_status":"closed","ping_status":"closed","template":"","meta":{"_en_post_content":"[gallery ids=\"1814,493,487\"]\r\n<h1>Community Groups<\/h1>\r\nCommunity is an essential part of the meditative path of insight. The Buddha's teaching offers many reflections on the powers of having good friends and spiritual companionship as anchors in the ups and downs of life. Community is also the place where one can have valuable exchanges on the evolution of practice and feel less lonely when confronting chalenges. Boaz regularly offers community spaces online:\r\n<ul>\r\n \t<li><strong>The NeuroSystemics Dharma Gatherings <\/strong>are offered on the first Sunday of every month, between 6-7:30pm CEST (1-2:30pm EST), and <a href=\"https:\/\/neurosystemics.learnworlds.com\/course\/neurosystemics-dharma\">you can register here<\/a><\/li>\r\n \t<li><strong>The Bodhi College Community Group<\/strong> meets on the first Tuesday of every month between 6-8pm CEST (1-3pm EST), and you can register here<\/li>\r\n \t<li><strong>French-bi-monthly meditation circle<\/strong> meets on the 1st and 3rd Wednesday of each month between 6-7:30pm CEST, and you can find out <a href=\"http:\/\/boazfeldman.com\/fr\/formation\/dharma-meditation\/\">more information here<\/a><\/li>\r\n<\/ul>\r\nAll group activities run on donation basis, thank you for your generosity!\r\n\r\n&nbsp;\r\n<h1>Mentoring<\/h1>\r\nAs one practice meditation regularly, it can be of benefit to received specialized guidance. Meditation involves development of competencies in the fields of insight, calm &amp; concentration, jhana\/dhyana and emptiness, and Boaz offers regular small group spaces to guide practitionners in their respective practices. Please contact Boaz directly if you are interested in joining one of these groups <a href=\"http:\/\/boazfeldman.com\/contact\/\">here<\/a>.\r\n\r\n&nbsp;\r\n\r\n&nbsp;\r\n<blockquote style=\"width: 50%;\">\"This is the entire spiritual life,\r\nAnanda, that is, good friendship, good companionship, good comradeship. When one has a good friend, a good companion, a good comrade, it is to be expected that they will develop and cultivate the Noble Eightfold Path.\"\r\n\r\n-Gotama Buddha<\/blockquote>\r\n&nbsp;\r\n\r\n&nbsp;","_en_post_name":"dharmagroups","_en_post_excerpt":"","_en_post_title":"Community Groups & Mentoring","_fr_post_content":"[gallery ids=\"1814,493,487\"]\r\n<h2>Groupes<\/h2>\r\nLa communaut\u00e9 est une partie essentielle du chemin m\u00e9ditatif et de la Pleine Conscience. L'enseignement du Bouddha offre de nombreuses r\u00e9flexions sur les pouvoirs d'avoir de bons amis et de la compagnie comme points d'ancrage dans les hauts et les bas du cheminement spirituel. La communaut\u00e9 est aussi le lieu o\u00f9 l'on peut avoir des \u00e9changes pr\u00e9cieux sur l'\u00e9volution de la pratique et se sentir moins seul face aux d\u00e9fis. Boaz propose r\u00e9guli\u00e8rement des espaces communautaires en ligne :\r\n<ul>\r\n \t<li>Les s\u00e9ances NeuroSystemics Dharma sont offerts <strong>les premiers dimanches de chaque mois<\/strong>, entre 18h-19h30 CEST (13h-14h30 EST), et <a href=\"https:\/\/neurosystemics.learnworlds.com\/course\/neurosystemics-dharma\">vous pouvez vous inscrire ici<\/a><\/li>\r\n \t<li>Le groupe communautaire du Bodhi College se r\u00e9unit le premier mardi de chaque mois entre 18h-20h CEST (13h et 15h EST), et vous pouvez vous inscrire ici<\/li>\r\n \t<li>Le s\u00e9ances bimensuelles de m\u00e9ditation en fran\u00e7ais se r\u00e9unit les 1er et le 3e Jeudis de chaque mois entre 18h-19h30 CEST, et vous pouvez trouver <a href=\"http:\/\/boazfeldman.com\/fr\/formation\/dharma-meditation\/\">plus d'informations ici<\/a><\/li>\r\n<\/ul>\r\nToutes les activit\u00e9s de groupe fonctionnent sur la base de dons, merci pour votre g\u00e9n\u00e9rosit\u00e9 !\r\n<h2>\r\nMentorat<\/h2>\r\nComme on pratique r\u00e9guli\u00e8rement la m\u00e9ditation, il peut \u00eatre avantageux de recevoir des conseils sp\u00e9cialis\u00e9s. La m\u00e9ditation implique le d\u00e9veloppement de comp\u00e9tences dans les domaines de la perspicacit\u00e9, du calme et de la concentration, du jhana\/dhyana et de la vacuit\u00e9, et Boaz propose r\u00e9guli\u00e8rement des espaces en petits groupes pour guider les pratiquants dans leurs pratiques respectives. <a href=\"http:\/\/boazfeldman.com\/fr\/contact\/\">Veuillez contacter Boaz directement si vous souhaitez rejoindre l'un de ces groupes ici<\/a>.\r\n\r\n&nbsp;\r\n\r\n&nbsp;\r\n\r\n&nbsp;\r\n<blockquote style=\"width: 50%;\">\"C'est toute la vie spirituelle, Ananda,\r\nl'amiti\u00e9, la camaraderie. Quand on a un bon ami, un bon compagnon, un bon camarade, il faut s'attendre \u00e0 ce qu'on d\u00e9veloppe et cultive le Noble Octuple Sentier.\"\r\n\r\n-Gotama Buddha<\/blockquote>\r\n&nbsp;\r\n\r\n&nbsp;","_fr_post_name":"groupes","_fr_post_excerpt":"","_fr_post_title":"Groupes & mentorat","edit_language":"fr","footnotes":""},"class_list":["post-47","page","type-page","status-publish","hentry"],"_links":{"self":[{"href":"http:\/\/boazfeldman.com\/fr\/wp-json\/wp\/v2\/pages\/47","targetHints":{"allow":["GET"]}}],"collection":[{"href":"http:\/\/boazfeldman.com\/fr\/wp-json\/wp\/v2\/pages"}],"about":[{"href":"http:\/\/boazfeldman.com\/fr\/wp-json\/wp\/v2\/types\/page"}],"author":[{"embeddable":true,"href":"http:\/\/boazfeldman.com\/fr\/wp-json\/wp\/v2\/users\/1"}],"replies":[{"embeddable":true,"href":"http:\/\/boazfeldman.com\/fr\/wp-json\/wp\/v2\/comments?post=47"}],"version-history":[{"count":65,"href":"http:\/\/boazfeldman.com\/fr\/wp-json\/wp\/v2\/pages\/47\/revisions"}],"predecessor-version":[{"id":2229,"href":"http:\/\/boazfeldman.com\/fr\/wp-json\/wp\/v2\/pages\/47\/revisions\/2229"}],"up":[{"embeddable":true,"href":"http:\/\/boazfeldman.com\/fr\/wp-json\/wp\/v2\/pages\/14"}],"wp:attachment":[{"href":"http:\/\/boazfeldman.com\/fr\/wp-json\/wp\/v2\/media?parent=47"}],"curies":[{"name":"wp","href":"https:\/\/api.w.org\/{rel}","templated":true}]}}